{"id":24659,"date":"2024-09-24T21:18:09","date_gmt":"2024-09-24T18:18:09","guid":{"rendered":"https:\/\/azaitech.com\/about-us\/"},"modified":"2025-06-30T21:58:59","modified_gmt":"2025-06-30T18:58:59","slug":"ueber-uns","status":"publish","type":"page","link":"https:\/\/azaitech.com\/de\/ueber-uns\/","title":{"rendered":"\u00dcber uns"},"content":{"rendered":"<div id=\"tdi_1\" class=\"tdc-zone\"><div class=\"tdc_zone tdi_2  wpb_row td-pb-row\"  >\n<style scoped>\n\/* custom css - generated by TagDiv Composer *\/\n\n\/* custom css - generated by TagDiv Composer *\/\n.tdi_2{\r\n                    min-height: 0;\r\n                }\n<\/style><div id=\"tdi_3\" class=\"tdc-row\"><div class=\"vc_row tdi_4  wpb_row td-pb-row\" >\n<style scoped>\n\/* custom css - generated by TagDiv Composer *\/\n\n\/* custom css - generated by TagDiv Composer *\/\n.tdi_4,\r\n                .tdi_4 .tdc-columns{\r\n                    min-height: 0;\r\n                }.tdi_4,\r\n\t\t\t\t.tdi_4 .tdc-columns{\r\n\t\t\t\t    display: block;\r\n\t\t\t\t}.tdi_4 .tdc-columns{\r\n\t\t\t\t    width: 100%;\r\n\t\t\t\t}.tdi_4:before,\r\n\t\t\t\t.tdi_4:after{\r\n\t\t\t\t    display: table;\r\n\t\t\t\t}\n<\/style><div class=\"vc_column tdi_6  wpb_column vc_column_container tdc-column td-pb-span12\">\n<style scoped>\n\/* custom css - generated by TagDiv Composer *\/\n\n\/* custom css - generated by TagDiv Composer *\/\n.tdi_6{\r\n                    vertical-align: baseline;\r\n                }.tdi_6 > .wpb_wrapper,\r\n\t\t\t\t.tdi_6 > .wpb_wrapper > .tdc-elements{\r\n\t\t\t\t    display: block;\r\n\t\t\t\t}.tdi_6 > .wpb_wrapper > .tdc-elements{\r\n\t\t\t\t    width: 100%;\r\n\t\t\t\t}.tdi_6 > .wpb_wrapper > .vc_row_inner{\r\n\t\t\t\t    width: auto;\r\n\t\t\t\t}.tdi_6 > .wpb_wrapper{\r\n\t\t\t\t    width: auto;\r\n\t\t\t\t    height: auto;\r\n\t\t\t\t}\n<\/style><div class=\"wpb_wrapper\" ><div class=\"tdm_block td_block_wrap tdm_block_text_image tdi_7 tdm-flip-yes tdm-layout-12-12 tdm-content-horiz-left tdm-content-vert-center td-pb-border-top td_block_template_1\"  data-td-block-uid=\"tdi_7\" >\n<style>\n\/* custom css - generated by TagDiv Composer *\/\n.tdm_block_text_image .tdm-text-wrap{\r\n                  padding-top: 20px;\r\n                  padding-bottom: 20px;\r\n                }.tdm_block_text_image .tdm-descr{\r\n                  margin-bottom: 0;\r\n                }.tdm_block_text_image .tds-button{\r\n                  margin-top: 30px;\r\n                }.tdi_7 .tdm-descr{\r\n\t\t\t\t\tfont-family:Almarai !important;\r\n\t\t\t\t}@media (min-width: 767px) {\r\n                  .tdm_block_text_image.tdm-text-image-extend-img {\r\n                    margin-right: calc((-100vw + 100%) \/ 2);\r\n                  }\r\n                  .tdm_block_text_image.tdm-text-image-extend-img.tdm-flip-yes {\r\n                    margin-right: 0;\r\n                    margin-left: calc((-100vw + 100%) \/ 2);\r\n                  }\r\n                  .tdm_block_text_image.tdm-text-image-extend-img.tdm-flip-yes .tdm-col-img {\r\n                    text-align: right;\r\n                  }\r\n                }@media (max-width: 767px) {\r\n                  .tdm_block_text_image .tdm-col-img {\r\n                    margin-top: 36px;\r\n                  }\r\n                  .tdm_block_text_image.tdm-flip-yes .tdm-col-img {\r\n                    margin-top: 0;\r\n                    margin-bottom: 15px;\r\n                  }\r\n                }\n<\/style><div class=\"td-block-width tdm-fix-full\"><div class=\"td-block-row tdm-row\"><div class=\"td-block-span6 tdm-col tdm-col-img\"><img loading=\"lazy\" decoding=\"async\" class=\"tdm-image td-fix-index\" src=\"https:\/\/azaitech.com\/wp-content\/uploads\/2025\/06\/Uber-uns.webp\" title=\"U\u0308ber uns\" alt=\"\" width=\"1024\" height=\"1024\"><\/div><div class=\"td-block-span6 tdm-col\"><div class=\"tdm-text-wrap tdm-text-padding\">\n<style>\n\/* custom css - generated by TagDiv Composer *\/\n.tdi_8 .tdm-title{\r\n\t\t\t\t\tfont-family:Almarai !important;\r\n\t\t\t\t}\n<\/style><div class=\"tds-title tds-title1 td-fix-index tdi_8 \"><h2 class=\"tdm-title tdm-title-md\">\u00dcber uns<\/h2><\/div><p class=\"tdm-descr td-fix-index\">AZ AI Tech ist eine Technikplattform, die umfassende und verl\u00e4ssliche Inhalte \u00fcber die neuesten Entwicklungen und technischen Ger\u00e4te bietet. Der Fokus liegt auf pr\u00e4zisen Vergleichen und ausf\u00fchrlichen Testberichten, die dir helfen, fundierte Entscheidungen zu treffen. Wir legen gro\u00dfen Wert auf gr\u00fcne Technologien und umweltfreundliche Innovationen und liefern stets aktuelle Informationen \u00fcber nachhaltige Technik. Unser Blog umfasst verschiedene Bereiche wie Technologienieuws, Lehrartikel und Produktanalysen \u2013 mit dem Anspruch, h\u00f6chsten Qualit\u00e4tsstandards zu gen\u00fcgen und eine vertrauensw\u00fcrdige Referenz f\u00fcr arabischsprachige Nutzer zu sein.<\/p><\/div><\/div><\/div><\/div><\/div><\/div><\/div><\/div><\/div><\/div><\/div><p>Views: 10<\/p>","protected":false},"excerpt":{"rendered":"<p>Views: 10<\/p>\n","protected":false},"author":4,"featured_media":0,"parent":0,"menu_order":0,"comment_status":"closed","ping_status":"closed","template":"","meta":{"footnotes":""},"class_list":["post-24659","page","type-page","status-publish"],"_links":{"self":[{"href":"https:\/\/azaitech.com\/de\/wp-json\/wp\/v2\/pages\/24659","targetHints":{"allow":["GET"]}}],"collection":[{"href":"https:\/\/azaitech.com\/de\/wp-json\/wp\/v2\/pages"}],"about":[{"href":"https:\/\/azaitech.com\/de\/wp-json\/wp\/v2\/types\/page"}],"author":[{"embeddable":true,"href":"https:\/\/azaitech.com\/de\/wp-json\/wp\/v2\/users\/4"}],"replies":[{"embeddable":true,"href":"https:\/\/azaitech.com\/de\/wp-json\/wp\/v2\/comments?post=24659"}],"version-history":[{"count":4,"href":"https:\/\/azaitech.com\/de\/wp-json\/wp\/v2\/pages\/24659\/revisions"}],"predecessor-version":[{"id":24667,"href":"https:\/\/azaitech.com\/de\/wp-json\/wp\/v2\/pages\/24659\/revisions\/24667"}],"wp:attachment":[{"href":"https:\/\/azaitech.com\/de\/wp-json\/wp\/v2\/media?parent=24659"}],"curies":[{"name":"wp","href":"https:\/\/api.w.org\/{rel}","templated":true}]}}